{"id":341,"date":"2026-03-28T11:50:15","date_gmt":"2026-03-28T04:50:15","guid":{"rendered":"https:\/\/prettyderby.io.vn\/?post_type=product&#038;p=341"},"modified":"2026-03-28T11:50:15","modified_gmt":"2026-03-28T04:50:15","slug":"mo-hinh-umamusume-curren-chan-signature-racewear-ver-1-7","status":"publish","type":"product","link":"https:\/\/prettyderby.io.vn\/index.php\/san-pham\/mo-hinh-umamusume-curren-chan-signature-racewear-ver-1-7\/","title":{"rendered":"M\u00f4 H\u00ecnh Umamusume Curren Chan Signature Racewear Ver 1\/7"},"content":{"rendered":"<p>T\u1eeb series n\u1ed5i ti\u1ebfng\u00a0<strong>Umamusume Pretty Derby<\/strong>, h\u00e3ng Claynel gi\u1edbi thi\u1ec7u figure t\u1ec9 l\u1ec7 1\/7 c\u1ee7a c\u00f4 n\u00e0ng\u00a0<strong>Curren Chan<\/strong>\u00a0trong phi\u00ean b\u1ea3n trang ph\u1ee5c \u0111ua \u0111\u1eb7c tr\u01b0ng &#8211; Signature Racewear Ver. V\u1edbi chi\u1ec1u cao kho\u1ea3ng 240mm (\u0111\u00e3 bao g\u1ed3m \u0111\u1ebf), m\u00f4 h\u00ecnh \u0111\u01b0\u1ee3c ch\u1ebf t\u00e1c t\u1eeb ch\u1ea5t li\u1ec7u PVC v\u00e0 ABS cao c\u1ea5p, mang l\u1ea1i s\u1ef1 ch\u1eafc ch\u1eafn v\u00e0 \u0111\u1ed9 ho\u00e0n thi\u1ec7n tuy\u1ec7t v\u1eddi. \u0110\u01b0\u1ee3c th\u1ef1c hi\u1ec7n b\u1edfi ngh\u1ec7 nh\u00e2n \u0111i\u00eau kh\u1eafc ZP1 v\u00e0 ph\u1ea7n s\u01a1n do Yamamori ph\u1ee5 tr\u00e1ch, figure th\u1ec3 hi\u1ec7n tr\u1ecdn v\u1eb9n n\u00e9t d\u1ec5 th\u01b0\u01a1ng c\u00f9ng n\u0103ng l\u01b0\u1ee3ng s\u00f4i n\u1ed5i \u0111\u1eb7c tr\u01b0ng c\u1ee7a Curren Chan khi c\u00f4 th\u1ec3 hi\u1ec7n t\u01b0 th\u1ebf \u0111\u1ea7y chuy\u1ec3n \u0111\u1ed9ng s\u1ed1ng \u0111\u1ed9ng. \u0110\u1eb7c bi\u1ec7t, b\u1ed9 trang ph\u1ee5c Fille \u00c9clair n\u1ed5i b\u1eadt v\u1edbi s\u1eafc \u0111en huy\u1ec1n b\u00ed k\u1ebft h\u1ee3p \u0111\u1ecf r\u1ef1c r\u1ee1, c\u00f9ng c\u00e1c chi ti\u1ebft s\u1ecdc t\u00e1o b\u1ea1o v\u00e0 vi\u1ec1n ren tinh t\u1ebf \u0111\u00e3 \u0111\u01b0\u1ee3c th\u1ec3 hi\u1ec7n c\u1ef1c k\u1ef3 ch\u00e2n th\u1ef1c qua l\u1edbp s\u01a1n s\u1eafc s\u1ea3o. \u0110\u00f4i m\u1eaft l\u1ea5p l\u00e1nh v\u00e0 n\u1ee5 c\u01b0\u1eddi t\u1ecfa s\u00e1ng t\u1ea1o n\u00ean m\u1ed9t t\u1ed5ng th\u1ec3 kh\u00f4ng th\u1ec3 c\u01b0\u1ee1ng l\u1ea1i \u0111\u1ed1i v\u1edbi ng\u01b0\u1eddi h\u00e2m m\u1ed9. M\u00f4 h\u00ecnh c\u00f2n \u0111i k\u00e8m \u0111\u1ebf \u0111\u1eb7c bi\u1ec7t gi\u00fap t\u0103ng \u0111\u1ed9 \u1ed5n \u0111\u1ecbnh v\u00e0 v\u1ebb sang tr\u1ecdng khi tr\u01b0ng b\u00e0y. \u0110\u00e2y ch\u1eafc ch\u1eafn s\u1ebd l\u00e0 m\u00f3n s\u01b0u t\u1ea7m l\u00fd t\u01b0\u1edfng cho c\u00e1c fan c\u1ee7a Umamusume v\u00e0 nh\u1eefng nh\u00e0 s\u01b0u t\u1eadp y\u00eau th\u00edch nh\u00e2n v\u1eadt n\u1eef v\u1edbi phong c\u00e1ch n\u0103ng \u0111\u1ed9ng, quy\u1ebfn r\u0169. S\u1ea3n ph\u1ea9m hi\u1ec7n \u0111ang \u0111\u01b0\u1ee3c ph\u00e2n ph\u1ed1i ch\u00ednh h\u00e3ng t\u1ea1i JH Figure, c\u00f3 ch\u00ednh s\u00e1ch b\u1ea3o h\u00e0nh l\u1ed7i nh\u00e0 s\u1ea3n xu\u1ea5t v\u00e0 h\u1ed7 tr\u1ee3 giao h\u00e0ng to\u00e0n qu\u1ed1c mi\u1ec5n ph\u00ed.<\/p>\n","protected":false},"excerpt":{"rendered":"<table>\n<tbody>\n<tr>\n<td><strong>T\u00ean s\u1ea3n ph\u1ea9m<\/strong><\/td>\n<td>1 Curren Chan Signature Racewear Ver<\/td>\n<\/tr>\n<tr>\n<td><strong>Series (anime)<\/strong><\/td>\n<td>Umamusume Pretty Derby<\/td>\n<\/tr>\n<tr>\n<td><strong>Th\u01b0\u01a1ng hi\u1ec7u<\/strong><\/td>\n<td>Claynel<\/td>\n<\/tr>\n<tr>\n<td><strong>Ng\u00e0y ph\u00e1t h\u00e0nh<\/strong><\/td>\n<td>12\/2025<\/td>\n<\/tr>\n<tr>\n<td><strong>Gi\u00e1 h\u00e3ng \u0111\u1ec1 xu\u1ea5t<\/strong><\/td>\n<td>23,500 JPY<\/td>\n<\/tr>\n<tr>\n<td><strong>JAN code<\/strong><\/td>\n<td>4571452943604<\/td>\n<\/tr>\n<tr>\n<td><strong>\u0110\u1eb7c \u0111i\u1ec3m<\/strong><\/td>\n<td>PVC ABS, Prepainted Figure, H=240mm, 1 7 scale<\/td>\n<\/tr>\n<tr>\n<td><strong>M\u00f4 t\u1ea3 chi ti\u1ebft t\u00ecnh tr\u1ea1ng<\/strong><\/td>\n<td>T\u00ecnh tr\u1ea1ng s\u1ea3n ph\u1ea9m: 100%<\/td>\n<\/tr>\n<\/tbody>\n<\/table>\n","protected":false},"featured_media":347,"comment_status":"open","ping_status":"closed","template":"","meta":[],"product_brand":[],"product_cat":[25],"product_tag":[],"class_list":{"0":"post-341","1":"product","2":"type-product","3":"status-publish","4":"has-post-thumbnail","6":"product_cat-mo-hinh","8":"first","9":"instock","10":"sale","11":"shipping-taxable","12":"purchasable","13":"product-type-simple"},"jetpack_sharing_enabled":true,"_links":{"self":[{"href":"https:\/\/prettyderby.io.vn\/index.php\/wp-json\/wp\/v2\/product\/341","targetHints":{"allow":["GET"]}}],"collection":[{"href":"https:\/\/prettyderby.io.vn\/index.php\/wp-json\/wp\/v2\/product"}],"about":[{"href":"https:\/\/prettyderby.io.vn\/index.php\/wp-json\/wp\/v2\/types\/product"}],"replies":[{"embeddable":true,"href":"https:\/\/prettyderby.io.vn\/index.php\/wp-json\/wp\/v2\/comments?post=341"}],"wp:featuredmedia":[{"embeddable":true,"href":"https:\/\/prettyderby.io.vn\/index.php\/wp-json\/wp\/v2\/media\/347"}],"wp:attachment":[{"href":"https:\/\/prettyderby.io.vn\/index.php\/wp-json\/wp\/v2\/media?parent=341"}],"wp:term":[{"taxonomy":"product_brand","embeddable":true,"href":"https:\/\/prettyderby.io.vn\/index.php\/wp-json\/wp\/v2\/product_brand?post=341"},{"taxonomy":"product_cat","embeddable":true,"href":"https:\/\/prettyderby.io.vn\/index.php\/wp-json\/wp\/v2\/product_cat?post=341"},{"taxonomy":"product_tag","embeddable":true,"href":"https:\/\/prettyderby.io.vn\/index.php\/wp-json\/wp\/v2\/product_tag?post=341"}],"curies":[{"name":"wp","href":"https:\/\/api.w.org\/{rel}","templated":true}]}}