{"id":316,"date":"2026-03-28T11:35:00","date_gmt":"2026-03-28T04:35:00","guid":{"rendered":"https:\/\/prettyderby.io.vn\/?post_type=product&#038;p=316"},"modified":"2026-03-28T11:35:00","modified_gmt":"2026-03-28T04:35:00","slug":"gau-bong-dokyuto-agnes-tachyon-uma-musume-pretty-derby-shin-jidai-no-tobira-taito-plushie","status":"publish","type":"product","link":"https:\/\/prettyderby.io.vn\/index.php\/san-pham\/gau-bong-dokyuto-agnes-tachyon-uma-musume-pretty-derby-shin-jidai-no-tobira-taito-plushie\/","title":{"rendered":"G\u1ea5u b\u00f4ng Dokyuto Agnes Tachyon &#8211; Uma Musume Pretty Derby Shin Jidai no Tobira | Taito Plushie"},"content":{"rendered":"<p>N\u1ebfu b\u1ea1n y\u00eau th\u00edch nh\u00e2n v\u1eadt\u00a0<strong>Agnes Tachyon<\/strong>\u00a0\u0111\u1ebfn t\u1eeb b\u1ed9 phim \u0111i\u1ec7n \u1ea3nh\u00a0<strong>Uma Musume Pretty Derby Shin Jidai no Tobira<\/strong>, th\u00ec m\u1eabu plush kh\u1ed5ng l\u1ed3 n\u00e0y ch\u1eafc ch\u1eafn s\u1ebd khi\u1ebfn b\u1ea1n kh\u00f4ng th\u1ec3 r\u1eddi m\u1eaft. S\u1ea3n ph\u1ea9m &#8220;\u3069\u304d\u3085\u30fc\u3068 \u5287\u5834\u7248\u300e\u30a6\u30de\u5a18 \u30d7\u30ea\u30c6\u30a3\u30fc\u30c0\u30fc\u30d3\u30fc \u65b0\u6642\u4ee3\u306e\u6249\u300f \u8d85\u7279\u5927\u306c\u3044\u3050\u308b\u307f \u30a2\u30b0\u30cd\u30b9\u30bf\u30ad\u30aa\u30f3&#8221; do\u00a0<strong>Taito<\/strong>\u00a0ph\u00e1t h\u00e0nh, v\u1edbi chi\u1ec1u cao kho\u1ea3ng 115cm (k\u1ec3 c\u1ea3 tai), chi\u1ec1u ngang 80cm v\u00e0 chi\u1ec1u s\u00e2u l\u00ean \u0111\u1ebfn 95cm (g\u1ed3m c\u1ea3 \u0111u\u00f4i). \u0110\u01b0\u1ee3c ch\u1ebf t\u00e1c t\u1eeb ch\u1ea5t li\u1ec7u polyester cao c\u1ea5p, plush n\u00e0y kh\u00f4ng ch\u1ec9 m\u1ec1m m\u1ea1i m\u00e0 c\u00f2n \u0111\u01b0\u1ee3c ch\u0103m ch\u00fat t\u1ec9 m\u1ec9 t\u1eebng chi ti\u1ebft, t\u1eeb ki\u1ec3u t\u00f3c cho \u0111\u1ebfn ph\u1ee5 ki\u1ec7n \u0111\u1eb7c tr\u01b0ng c\u1ee7a\u00a0<strong>Agnes Tachyon<\/strong>. Thi\u1ebft k\u1ebf theo phong c\u00e1ch \u201c\u3069\u304d\u3085\u30fc\u3068\u201d c\u1ef1c k\u1ef3 d\u1ec5 th\u01b0\u01a1ng c\u00e0ng l\u00e0m n\u1ed5i b\u1eadt n\u00e9t \u0111\u00e1ng y\u00eau c\u1ee7a nh\u00e2n v\u1eadt. V\u1edbi tr\u1ecdng l\u01b0\u1ee3ng kho\u1ea3ng 9kg, s\u1ea3n ph\u1ea9m \u0111\u01b0\u1ee3c \u0111\u00f3ng g\u00f3i c\u1ea9n th\u1eadn \u0111\u1ec3 \u0111\u1ea3m b\u1ea3o an to\u00e0n khi v\u1eadn chuy\u1ec3n \u0111\u1ebfn tay kh\u00e1ch h\u00e0ng. \u0110\u00e2y l\u00e0 m\u00f4 h\u00ecnh ho\u00e0n to\u00e0n theo h\u00ecnh th\u1ee9c \u0111\u1eb7t h\u00e0ng tr\u01b0\u1edbc (made-to-order), v\u00ec v\u1eady c\u00f3 gi\u00e1 tr\u1ecb s\u01b0u t\u1ea7m r\u1ea5t cao v\u00e0 kh\u00f4ng t\u00e1i s\u1ea3n xu\u1ea5t. Plush ph\u00f9 h\u1ee3p v\u1edbi ng\u01b0\u1eddi t\u1eeb 15 tu\u1ed5i tr\u1edf l\u00ean v\u00e0 l\u00e0 l\u1ef1a ch\u1ecdn tuy\u1ec7t v\u1eddi cho nh\u1eefng ai \u0111ang t\u00ecm ki\u1ebfm m\u1ed9t m\u00f3n qu\u00e0 \u0111\u1ed9c \u0111\u00e1o ho\u1eb7c m\u1ed9t v\u1eadt ph\u1ea9m trang tr\u00ed mang phong c\u00e1ch anime \u0111\u1ea7y c\u00e1 t\u00ednh. \u0110\u1eebng b\u1ecf l\u1ee1 c\u01a1 h\u1ed9i s\u1edf h\u1eefu phi\u00ean b\u1ea3n gi\u1edbi h\u1ea1n \u0111\u00e1ng gi\u00e1 n\u00e0y d\u00e0nh cho fan c\u1ee9ng c\u1ee7a Uma Musume!<\/p>\n","protected":false},"excerpt":{"rendered":"<table>\n<tbody>\n<tr>\n<td>T\u00ean s\u1ea3n ph\u1ea9m<\/td>\n<td>Dokyuto Agnes Tachyon<\/td>\n<\/tr>\n<tr>\n<td>Series (anime)<\/td>\n<td>Uma Musume Pretty Derby Shin Jidai no Tobira<\/td>\n<\/tr>\n<tr>\n<td>Th\u01b0\u01a1ng hi\u1ec7u<\/td>\n<td>Taito<\/td>\n<\/tr>\n<tr>\n<td>Ng\u00e0y ph\u00e1t h\u00e0nh<\/td>\n<td>10\/2025<\/td>\n<\/tr>\n<tr>\n<td>Gi\u00e1 h\u00e3ng \u0111\u1ec1 xu\u1ea5t<\/td>\n<td>14.000.000<\/td>\n<\/tr>\n<tr>\n<td>JAN code<\/td>\n<td><\/td>\n<\/tr>\n<tr>\n<td>\u0110\u1eb7c \u0111i\u1ec3m<\/td>\n<td>Ch\u1ea5t li\u1ec7u polyester, Plush Figure, K\u00edch th\u01b0\u1edbc: Cao 115cm (g\u1ed3m tai) x R\u1ed9ng 80cm x S\u00e2u 95cm<\/td>\n<\/tr>\n<tr>\n<td>M\u00f4 t\u1ea3 chi ti\u1ebft t\u00ecnh tr\u1ea1ng<\/td>\n<td>T\u00ecnh tr\u1ea1ng s\u1ea3n ph\u1ea9m: 100%<\/td>\n<\/tr>\n<\/tbody>\n<\/table>\n","protected":false},"featured_media":325,"comment_status":"open","ping_status":"closed","template":"","meta":[],"product_brand":[],"product_cat":[21],"product_tag":[],"class_list":{"0":"post-316","1":"product","2":"type-product","3":"status-publish","4":"has-post-thumbnail","6":"product_cat-gau-bong","8":"first","9":"instock","10":"shipping-taxable","11":"purchasable","12":"product-type-simple"},"jetpack_sharing_enabled":true,"_links":{"self":[{"href":"https:\/\/prettyderby.io.vn\/index.php\/wp-json\/wp\/v2\/product\/316","targetHints":{"allow":["GET"]}}],"collection":[{"href":"https:\/\/prettyderby.io.vn\/index.php\/wp-json\/wp\/v2\/product"}],"about":[{"href":"https:\/\/prettyderby.io.vn\/index.php\/wp-json\/wp\/v2\/types\/product"}],"replies":[{"embeddable":true,"href":"https:\/\/prettyderby.io.vn\/index.php\/wp-json\/wp\/v2\/comments?post=316"}],"wp:featuredmedia":[{"embeddable":true,"href":"https:\/\/prettyderby.io.vn\/index.php\/wp-json\/wp\/v2\/media\/325"}],"wp:attachment":[{"href":"https:\/\/prettyderby.io.vn\/index.php\/wp-json\/wp\/v2\/media?parent=316"}],"wp:term":[{"taxonomy":"product_brand","embeddable":true,"href":"https:\/\/prettyderby.io.vn\/index.php\/wp-json\/wp\/v2\/product_brand?post=316"},{"taxonomy":"product_cat","embeddable":true,"href":"https:\/\/prettyderby.io.vn\/index.php\/wp-json\/wp\/v2\/product_cat?post=316"},{"taxonomy":"product_tag","embeddable":true,"href":"https:\/\/prettyderby.io.vn\/index.php\/wp-json\/wp\/v2\/product_tag?post=316"}],"curies":[{"name":"wp","href":"https:\/\/api.w.org\/{rel}","templated":true}]}}