{"id":285,"date":"2026-03-28T11:08:11","date_gmt":"2026-03-28T04:08:11","guid":{"rendered":"https:\/\/prettyderby.io.vn\/?post_type=product&#038;p=285"},"modified":"2026-04-09T10:49:04","modified_gmt":"2026-04-09T03:49:04","slug":"kitasan-black-outrunning-the-encroaching-heat-1-7-umamusume-pretty-derby-kotobukiya-figure","status":"publish","type":"product","link":"https:\/\/prettyderby.io.vn\/index.php\/san-pham\/kitasan-black-outrunning-the-encroaching-heat-1-7-umamusume-pretty-derby-kotobukiya-figure\/","title":{"rendered":"Kitasan Black Outrunning the Encroaching Heat 1\/7 &#8211; Umamusume: Pretty Derby | Kotobukiya Figure"},"content":{"rendered":"<div class=\"content-entry add-height-img max-height-ct lazyload-addclass\">\n<div class=\"more-description\">\n<h2>M\u00f4 h\u00ecnh figure ch\u00ednh h\u00e3ng Kitasan Black Outrunning the Encroaching Heat Umamusume: Pretty Derby | Kotobukiya<\/h2>\n<p>S\u1ea3n ph\u1ea9m m\u00f4 h\u00ecnh Kitasan Black t\u1eeb series Umamusume: Pretty Derby, phi\u00ean b\u1ea3n Outrunning the Encroaching Heat, \u0111\u01b0\u1ee3c s\u1ea3n xu\u1ea5t b\u1edfi Kotobukiya, d\u1ef1 ki\u1ebfn ph\u00e1t h\u00e0nh v\u00e0o ng\u00e0y 24\/04\/2024 d\u01b0\u1edbi d\u1ea1ng ti\u00eau chu\u1ea9n t\u1ea1i Nh\u1eadt B\u1ea3n. M\u00f4 h\u00ecnh n\u00e0y t\u1ef7 l\u1ec7 1\/7, cao kho\u1ea3ng 295mm, \u0111\u01b0\u1ee3c l\u00e0m t\u1eeb ch\u1ea5t li\u1ec7u ABS v\u00e0 PVC. V\u1edbi thi\u1ebft k\u1ebf chi ti\u1ebft v\u00e0 tinh t\u1ebf, m\u00f4 h\u00ecnh t\u00e1i hi\u1ec7n nh\u00e2n v\u1eadt Kitasan Black v\u1edbi v\u1ebb \u0111\u1eb9p s\u1ed1ng \u0111\u1ed9ng v\u00e0 m\u1ea1nh m\u1ebd. \u0110\u00e2y l\u00e0 m\u1ed9t s\u1ef1 th\u00eam v\u00e0o ho\u00e0n h\u1ea3o cho b\u1ea5t k\u1ef3 b\u1ed9 s\u01b0u t\u1eadp n\u00e0o c\u1ee7a fan h\u00e2m m\u1ed9 Umamusume: Pretty Derby, mang l\u1ea1i h\u00ecnh \u1ea3nh s\u1ed1ng \u0111\u1ed9ng v\u00e0 ch\u00e2n th\u1ef1c c\u1ee7a Kitasan Black.<\/p>\n<p>This Kitasan Black figure from the Umamusume: Pretty Derby series, in the Outrunning the Encroaching Heat version by Kotobukiya, is set to be released as a standard item in Japan on April 24, 2024. Standing approximately 295mm tall and made from ABS and PVC, this pre-painted complete figure captures the dynamic and vibrant appearance of Kitasan Black. It\u2019s a perfect addition to any collection of Umamusume: Pretty Derby fans, offering a vivid and authentic portrayal of Kitasan Black.<\/p>\n<\/div>\n<\/div>\n<div class=\"view-all-btn\"><\/div>\n","protected":false},"excerpt":{"rendered":"<table>\n<tbody>\n<tr>\n<td>T\u00ean s\u1ea3n ph\u1ea9m<\/td>\n<td>Kitasan Black Outrunning the Encroaching Heat Umamusume: Pretty Derby<\/td>\n<\/tr>\n<tr>\n<td>Series (anime)<\/td>\n<td>Umamusume: Pretty Derby<\/td>\n<\/tr>\n<tr>\n<td>Th\u01b0\u01a1ng hi\u1ec7u<\/td>\n<td>Kotobukiya<\/td>\n<\/tr>\n<tr>\n<td>Ng\u00e0y ph\u00e1t h\u00e0nh<\/td>\n<td>24\/04\/2024<\/td>\n<\/tr>\n<tr>\n<td>Gi\u00e1 h\u00e3ng \u0111\u1ec1 xu\u1ea5t<\/td>\n<td>20,000 JPY<\/td>\n<\/tr>\n<tr>\n<td>\u0110\u1eb7c \u0111i\u1ec3m<\/td>\n<td>Ch\u1ea5t li\u1ec7u ABS, PVC, H=295mm (1\/7)<\/td>\n<\/tr>\n<tr>\n<td>M\u00f4 t\u1ea3 chi ti\u1ebft t\u00ecnh tr\u1ea1ng<\/td>\n<td>T\u00ccnh tr\u1ea1ng: 100%<\/td>\n<\/tr>\n<\/tbody>\n<\/table>\n","protected":false},"featured_media":287,"comment_status":"open","ping_status":"closed","template":"","meta":[],"product_brand":[],"product_cat":[25],"product_tag":[],"class_list":{"0":"post-285","1":"product","2":"type-product","3":"status-publish","4":"has-post-thumbnail","6":"product_cat-mo-hinh","8":"first","9":"instock","10":"sale","11":"shipping-taxable","12":"purchasable","13":"product-type-simple"},"jetpack_sharing_enabled":true,"_links":{"self":[{"href":"https:\/\/prettyderby.io.vn\/index.php\/wp-json\/wp\/v2\/product\/285","targetHints":{"allow":["GET"]}}],"collection":[{"href":"https:\/\/prettyderby.io.vn\/index.php\/wp-json\/wp\/v2\/product"}],"about":[{"href":"https:\/\/prettyderby.io.vn\/index.php\/wp-json\/wp\/v2\/types\/product"}],"replies":[{"embeddable":true,"href":"https:\/\/prettyderby.io.vn\/index.php\/wp-json\/wp\/v2\/comments?post=285"}],"wp:featuredmedia":[{"embeddable":true,"href":"https:\/\/prettyderby.io.vn\/index.php\/wp-json\/wp\/v2\/media\/287"}],"wp:attachment":[{"href":"https:\/\/prettyderby.io.vn\/index.php\/wp-json\/wp\/v2\/media?parent=285"}],"wp:term":[{"taxonomy":"product_brand","embeddable":true,"href":"https:\/\/prettyderby.io.vn\/index.php\/wp-json\/wp\/v2\/product_brand?post=285"},{"taxonomy":"product_cat","embeddable":true,"href":"https:\/\/prettyderby.io.vn\/index.php\/wp-json\/wp\/v2\/product_cat?post=285"},{"taxonomy":"product_tag","embeddable":true,"href":"https:\/\/prettyderby.io.vn\/index.php\/wp-json\/wp\/v2\/product_tag?post=285"}],"curies":[{"name":"wp","href":"https:\/\/api.w.org\/{rel}","templated":true}]}}