{"id":247,"date":"2026-01-30T08:51:10","date_gmt":"2026-01-30T01:51:10","guid":{"rendered":"https:\/\/prettyderby.io.vn\/?post_type=product&#038;p=247"},"modified":"2026-04-09T10:31:43","modified_gmt":"2026-04-09T03:31:43","slug":"umamusume-pretty-derby-satono-diamond","status":"publish","type":"product","link":"https:\/\/prettyderby.io.vn\/index.php\/san-pham\/umamusume-pretty-derby-satono-diamond\/","title":{"rendered":"Umamusume: Pretty Derby Satono Diamond"},"content":{"rendered":"<p>M\u00f4 h\u00ecnh\u00a0<strong>Satono Diamond<\/strong>\u00a0t\u1eeb\u00a0<strong>Umamusume: Pretty Derby<\/strong>\u00a0thu\u1ed9c d\u00f2ng s\u1ea3n ph\u1ea9m Relax Time c\u1ee7a Bandai Spirits l\u00e0 m\u1ed9t s\u1ea3n ph\u1ea9m tuy\u1ec7t v\u1eddi d\u00e0nh cho nh\u1eefng ng\u01b0\u1eddi h\u00e2m m\u1ed9 b\u1ed9 anime n\u1ed5i ti\u1ebfng n\u00e0y. L\u00e0 m\u1ed9t s\u1ea3n ph\u1ea9m Prize Figure, m\u00f4 h\u00ecnh n\u00e0y mang l\u1ea1i m\u1ed9t v\u1ebb ngo\u00e0i tinh t\u1ebf v\u00e0 ch\u1ea5t l\u01b0\u1ee3ng cao nh\u01b0ng v\u1eabn \u0111\u1ea3m b\u1ea3o m\u1ee9c gi\u00e1 h\u1ee3p l\u00fd cho c\u00e1c fan. \u0110\u01b0\u1ee3c ch\u1ebf t\u00e1c t\u1eeb ch\u1ea5t li\u1ec7u PVC cao c\u1ea5p, m\u00f4 h\u00ecnh n\u00e0y kh\u00f4ng ch\u1ec9 \u0111\u1ea3m b\u1ea3o \u0111\u1ed9 b\u1ec1n m\u00e0 c\u00f2n t\u1ea1o ra nh\u1eefng chi ti\u1ebft s\u1eafc n\u00e9t, th\u1ec3 hi\u1ec7n h\u00ecnh \u1ea3nh c\u1ee7a Satono Diamond m\u1ed9t c\u00e1ch ch\u00e2n th\u1ef1c v\u00e0 s\u1ed1ng \u0111\u1ed9ng. Bandai Spirits \u0111\u00e3 th\u1ef1c hi\u1ec7n xu\u1ea5t s\u1eafc trong vi\u1ec7c t\u00e1i hi\u1ec7n phong c\u00e1ch v\u00e0 bi\u1ec3u c\u1ea3m c\u1ee7a nh\u00e2n v\u1eadt, t\u1eeb trang ph\u1ee5c \u0111\u1ed9c \u0111\u00e1o \u0111\u1ebfn ki\u1ec3u t\u00f3c v\u00e0 bi\u1ec3u c\u1ea3m khu\u00f4n m\u1eb7t. \u0110\u00e2y l\u00e0 m\u1ed9t m\u00f3n \u0111\u1ed3 kh\u00f4ng th\u1ec3 thi\u1ebfu cho b\u1ea5t k\u1ef3 fan h\u00e2m m\u1ed9 n\u00e0o c\u1ee7a\u00a0<strong>Umamusume: Pretty Derby<\/strong>, gi\u00fap b\u1ed5 sung s\u1ef1 phong ph\u00fa v\u00e0 \u0111a d\u1ea1ng cho b\u1ed9 s\u01b0u t\u1eadp c\u1ee7a b\u1ea1n. H\u00e3y nhanh tay \u0111\u1eb7t h\u00e0ng \u0111\u1ec3 s\u1edf h\u1eefu ngay m\u00f4 h\u00ecnh tuy\u1ec7t v\u1eddi n\u00e0y!<\/p>\n","protected":false},"excerpt":{"rendered":"<dl class=\"item_info_txt\">\n<dt><span dir=\"auto\">Chi\u1ec1u cao<\/span><\/dt>\n<dd><span dir=\"auto\">Kho\u1ea3ng 135 mm<\/span><\/dd>\n<dt><span dir=\"auto\">V\u1eadt li\u1ec7u<\/span><\/dt>\n<dd><span dir=\"auto\">PVC, ABS<\/span><\/dd>\n<dt><span dir=\"auto\">N\u1ed9i dung<\/span><\/dt>\n<dd><span dir=\"auto\">\u2022 Th\u00e2n ch\u00ednh<\/span><br \/>\n<span dir=\"auto\">\u2022 4 b\u1ed9 ph\u1eadn bi\u1ec3u c\u1ea3m c\u00f3 th\u1ec3 thay \u0111\u1ed5i<\/span><br \/>\n<span dir=\"auto\">\u2022 \u0110\u1ebf tr\u01b0ng b\u00e0y<\/span><\/dd>\n<\/dl>\n","protected":false},"featured_media":248,"comment_status":"open","ping_status":"closed","template":"","meta":[],"product_brand":[],"product_cat":[25],"product_tag":[],"class_list":{"0":"post-247","1":"product","2":"type-product","3":"status-publish","4":"has-post-thumbnail","6":"product_cat-mo-hinh","8":"first","9":"instock","10":"shipping-taxable","11":"purchasable","12":"product-type-simple"},"jetpack_sharing_enabled":true,"_links":{"self":[{"href":"https:\/\/prettyderby.io.vn\/index.php\/wp-json\/wp\/v2\/product\/247","targetHints":{"allow":["GET"]}}],"collection":[{"href":"https:\/\/prettyderby.io.vn\/index.php\/wp-json\/wp\/v2\/product"}],"about":[{"href":"https:\/\/prettyderby.io.vn\/index.php\/wp-json\/wp\/v2\/types\/product"}],"replies":[{"embeddable":true,"href":"https:\/\/prettyderby.io.vn\/index.php\/wp-json\/wp\/v2\/comments?post=247"}],"wp:featuredmedia":[{"embeddable":true,"href":"https:\/\/prettyderby.io.vn\/index.php\/wp-json\/wp\/v2\/media\/248"}],"wp:attachment":[{"href":"https:\/\/prettyderby.io.vn\/index.php\/wp-json\/wp\/v2\/media?parent=247"}],"wp:term":[{"taxonomy":"product_brand","embeddable":true,"href":"https:\/\/prettyderby.io.vn\/index.php\/wp-json\/wp\/v2\/product_brand?post=247"},{"taxonomy":"product_cat","embeddable":true,"href":"https:\/\/prettyderby.io.vn\/index.php\/wp-json\/wp\/v2\/product_cat?post=247"},{"taxonomy":"product_tag","embeddable":true,"href":"https:\/\/prettyderby.io.vn\/index.php\/wp-json\/wp\/v2\/product_tag?post=247"}],"curies":[{"name":"wp","href":"https:\/\/api.w.org\/{rel}","templated":true}]}}