{"id":211,"date":"2026-01-22T07:48:44","date_gmt":"2026-01-22T00:48:44","guid":{"rendered":"https:\/\/prettyderby.io.vn\/?post_type=product&#038;p=211"},"modified":"2026-01-22T07:48:45","modified_gmt":"2026-01-22T00:48:45","slug":"bup-be-bong-furina-35cm-official-genshin-impacts","status":"publish","type":"product","link":"https:\/\/prettyderby.io.vn\/index.php\/san-pham\/bup-be-bong-furina-35cm-official-genshin-impacts\/","title":{"rendered":"B\u00fap b\u00ea\/B\u00f4ng Furina 35cm official Genshin Impacts"},"content":{"rendered":"","protected":false},"excerpt":{"rendered":"<p><img loading=\"lazy\" decoding=\"async\" class=\"alignnone size-medium wp-image-216\" src=\"https:\/\/prettyderby.io.vn\/wp-content\/uploads\/2026\/01\/vn-11134207-7ra0g-ma0dk8m9hx7yf8@resize_w450_nl-300x300.webp\" alt=\"\" width=\"300\" height=\"300\" srcset=\"https:\/\/prettyderby.io.vn\/wp-content\/uploads\/2026\/01\/vn-11134207-7ra0g-ma0dk8m9hx7yf8@resize_w450_nl-300x300.webp 300w, https:\/\/prettyderby.io.vn\/wp-content\/uploads\/2026\/01\/vn-11134207-7ra0g-ma0dk8m9hx7yf8@resize_w450_nl-150x150.webp 150w, https:\/\/prettyderby.io.vn\/wp-content\/uploads\/2026\/01\/vn-11134207-7ra0g-ma0dk8m9hx7yf8@resize_w450_nl-100x100.webp 100w, https:\/\/prettyderby.io.vn\/wp-content\/uploads\/2026\/01\/vn-11134207-7ra0g-ma0dk8m9hx7yf8@resize_w450_nl.webp 450w\" sizes=\"auto, (max-width: 300px) 100vw, 300px\" \/><\/p>\n<p class=\"QN2lPu\">G\u1ea5u b\u00f4ng Furina, bao g\u1ed3m c\u1ea3 qu\u1ea7n \u00e1o \u0111i k\u00e8m + th\u1ebb sinh nh\u1eadt,<\/p>\n<p class=\"QN2lPu\">Chi\u1ec1u cao khi ng\u1ed3i kho\u1ea3ng 35cm.<\/p>\n<p class=\"QN2lPu\">H\u00e0ng newseal, ch\u00ednh h\u00e3ng Genshin Impact.<\/p>\n","protected":false},"featured_media":216,"comment_status":"open","ping_status":"closed","template":"","meta":[],"product_brand":[],"product_cat":[21],"product_tag":[],"class_list":{"0":"post-211","1":"product","2":"type-product","3":"status-publish","4":"has-post-thumbnail","6":"product_cat-gau-bong","8":"first","9":"instock","10":"shipping-taxable","11":"purchasable","12":"product-type-simple"},"jetpack_sharing_enabled":true,"_links":{"self":[{"href":"https:\/\/prettyderby.io.vn\/index.php\/wp-json\/wp\/v2\/product\/211","targetHints":{"allow":["GET"]}}],"collection":[{"href":"https:\/\/prettyderby.io.vn\/index.php\/wp-json\/wp\/v2\/product"}],"about":[{"href":"https:\/\/prettyderby.io.vn\/index.php\/wp-json\/wp\/v2\/types\/product"}],"replies":[{"embeddable":true,"href":"https:\/\/prettyderby.io.vn\/index.php\/wp-json\/wp\/v2\/comments?post=211"}],"wp:featuredmedia":[{"embeddable":true,"href":"https:\/\/prettyderby.io.vn\/index.php\/wp-json\/wp\/v2\/media\/216"}],"wp:attachment":[{"href":"https:\/\/prettyderby.io.vn\/index.php\/wp-json\/wp\/v2\/media?parent=211"}],"wp:term":[{"taxonomy":"product_brand","embeddable":true,"href":"https:\/\/prettyderby.io.vn\/index.php\/wp-json\/wp\/v2\/product_brand?post=211"},{"taxonomy":"product_cat","embeddable":true,"href":"https:\/\/prettyderby.io.vn\/index.php\/wp-json\/wp\/v2\/product_cat?post=211"},{"taxonomy":"product_tag","embeddable":true,"href":"https:\/\/prettyderby.io.vn\/index.php\/wp-json\/wp\/v2\/product_tag?post=211"}],"curies":[{"name":"wp","href":"https:\/\/api.w.org\/{rel}","templated":true}]}}