{"id":202,"date":"2026-01-21T11:22:05","date_gmt":"2026-01-21T04:22:05","guid":{"rendered":"https:\/\/prettyderby.io.vn\/?post_type=product&#038;p=202"},"modified":"2026-04-14T11:17:34","modified_gmt":"2026-04-14T04:17:34","slug":"goi-ngau-nhien-doan-tau-honkai-star-rail-ver2-blindbox-mo-hinh-nhan-vat-game-2","status":"publish","type":"product","link":"https:\/\/prettyderby.io.vn\/index.php\/san-pham\/goi-ngau-nhien-doan-tau-honkai-star-rail-ver2-blindbox-mo-hinh-nhan-vat-game-2\/","title":{"rendered":"G\u00f3i Ng\u1eabu Nhi\u00ean \u0110o\u00e0n T\u00e0u Honkai Star Rail ver2 Blindbox M\u00f4 H\u00ecnh Nh\u00e2n V\u1eadt Game"},"content":{"rendered":"","protected":false},"excerpt":{"rendered":"\n<p class=\"QN2lPu\">K\u00edch th\u01b0\u1edbc : Kho\u1ea3ng 4 \u0111\u1ebfn 5 cm<\/p>\n<p class=\"QN2lPu\">\u0110\u1eb7c \u0111i\u1ec3m : 1 g\u00f3i bao g\u1ed3m 1 m\u1eabu nh\u00e2n v\u1eadt k\u00e8m 1 toa t\u00e0u b\u1ea5t k\u00ec ng\u1eabu nhi\u00ean.<\/p>\n<p class=\"QN2lPu\">Th\u01b0\u01a1ng hi\u1ec7u : Game HSR miHoYo<\/p>\n<p class=\"QN2lPu\">Qui c\u00e1ch : 1 H\u1ed8P c\u00f3 12 G\u00d3I, kh\u00f4ng c\u00f3 m\u1eabu hi\u1ebfm<\/p>\n<p class=\"QN2lPu\">Ch\u1ea5t li\u1ec7u : PVC\/ ABS<\/p>\n","protected":false},"featured_media":210,"comment_status":"open","ping_status":"closed","template":"","meta":[],"product_brand":[],"product_cat":[15,20],"product_tag":[],"class_list":{"0":"post-202","1":"product","2":"type-product","3":"status-publish","4":"has-post-thumbnail","6":"product_cat-blind-box","7":"product_cat-honkai-star-rail","9":"first","10":"instock","11":"shipping-taxable","12":"purchasable","13":"product-type-variable"},"jetpack_sharing_enabled":true,"_links":{"self":[{"href":"https:\/\/prettyderby.io.vn\/index.php\/wp-json\/wp\/v2\/product\/202","targetHints":{"allow":["GET"]}}],"collection":[{"href":"https:\/\/prettyderby.io.vn\/index.php\/wp-json\/wp\/v2\/product"}],"about":[{"href":"https:\/\/prettyderby.io.vn\/index.php\/wp-json\/wp\/v2\/types\/product"}],"replies":[{"embeddable":true,"href":"https:\/\/prettyderby.io.vn\/index.php\/wp-json\/wp\/v2\/comments?post=202"}],"wp:featuredmedia":[{"embeddable":true,"href":"https:\/\/prettyderby.io.vn\/index.php\/wp-json\/wp\/v2\/media\/210"}],"wp:attachment":[{"href":"https:\/\/prettyderby.io.vn\/index.php\/wp-json\/wp\/v2\/media?parent=202"}],"wp:term":[{"taxonomy":"product_brand","embeddable":true,"href":"https:\/\/prettyderby.io.vn\/index.php\/wp-json\/wp\/v2\/product_brand?post=202"},{"taxonomy":"product_cat","embeddable":true,"href":"https:\/\/prettyderby.io.vn\/index.php\/wp-json\/wp\/v2\/product_cat?post=202"},{"taxonomy":"product_tag","embeddable":true,"href":"https:\/\/prettyderby.io.vn\/index.php\/wp-json\/wp\/v2\/product_tag?post=202"}],"curies":[{"name":"wp","href":"https:\/\/api.w.org\/{rel}","templated":true}]}}