{"id":180,"date":"2026-01-21T10:23:06","date_gmt":"2026-01-21T03:23:06","guid":{"rendered":"https:\/\/prettyderby.io.vn\/?post_type=product&#038;p=180"},"modified":"2026-01-21T11:11:26","modified_gmt":"2026-01-21T04:11:26","slug":"hop-mu-frieren-phap-su-tien-tang-animal-party-moc-treo-tui-xach-moc-khoa-trang-suc","status":"publish","type":"product","link":"https:\/\/prettyderby.io.vn\/index.php\/san-pham\/hop-mu-frieren-phap-su-tien-tang-animal-party-moc-treo-tui-xach-moc-khoa-trang-suc\/","title":{"rendered":"H\u1ed9p m\u00f9 Frieren Ph\u00e1p S\u01b0 Ti\u1ec5n T\u00e1ng Animal Party M\u00f3c Treo T\u00fai X\u00e1ch M\u00f3c Kho\u00e1 Trang S\u1ee9c"},"content":{"rendered":"","protected":false},"excerpt":{"rendered":"<ul>\n<li aria-setsize=\"-1\" data-leveltext=\"\uf0ab\" data-font=\"Wingdings\" data-listid=\"7\" data-list-defn-props=\"{&quot;335552541&quot;:1,&quot;335559685&quot;:720,&quot;335559991&quot;:360,&quot;469769226&quot;:&quot;Wingdings&quot;,&quot;469769242&quot;:[8226],&quot;469777803&quot;:&quot;left&quot;,&quot;469777804&quot;:&quot;\uf0ab&quot;,&quot;469777815&quot;:&quot;hybridMultilevel&quot;}\" data-aria-posinset=\"1\" data-aria-level=\"1\">\n<p><span data-contrast=\"auto\">M\u00f4 h\u00ecnh : C\u00e1c nh\u00e2n v\u1eadt trong\u00a0anime\/\u00a0manga\u00a0Frieren\u00a0&#8211; Ph\u00e1p S\u01b0 Ti\u1ec5n T\u00e1ng k\u1ebft h\u1ee3p v\u1edbi c\u00e1c \u0111\u1ed9ng v\u1eadt\u00a0cute\u00a0d\u1ec5 th\u01b0\u01a1ng.<\/span><span data-ccp-props=\"{&quot;134233117&quot;:false,&quot;134233118&quot;:false,&quot;335557856&quot;:16777215,&quot;335559738&quot;:0,&quot;335559739&quot;:0}\">\u00a0<\/span><\/li>\n<\/ul>\n<ul>\n<li aria-setsize=\"-1\" data-leveltext=\"\uf0ab\" data-font=\"Wingdings\" data-listid=\"7\" data-list-defn-props=\"{&quot;335552541&quot;:1,&quot;335559685&quot;:720,&quot;335559991&quot;:360,&quot;469769226&quot;:&quot;Wingdings&quot;,&quot;469769242&quot;:[8226],&quot;469777803&quot;:&quot;left&quot;,&quot;469777804&quot;:&quot;\uf0ab&quot;,&quot;469777815&quot;:&quot;hybridMultilevel&quot;}\" data-aria-posinset=\"2\" data-aria-level=\"1\"><span data-contrast=\"auto\">Set\u00a0g\u1ed3m : 6 h\u1ed9p + 1 m\u1eabu hi\u1ebfm.<\/span><span data-ccp-props=\"{&quot;134233117&quot;:false,&quot;134233118&quot;:false,&quot;335557856&quot;:16777215,&quot;335559738&quot;:0,&quot;335559739&quot;:0}\">\u00a0<\/span><\/li>\n<\/ul>\n<ul>\n<li aria-setsize=\"-1\" data-leveltext=\"\uf0ab\" data-font=\"Wingdings\" data-listid=\"7\" data-list-defn-props=\"{&quot;335552541&quot;:1,&quot;335559685&quot;:720,&quot;335559991&quot;:360,&quot;469769226&quot;:&quot;Wingdings&quot;,&quot;469769242&quot;:[8226],&quot;469777803&quot;:&quot;left&quot;,&quot;469777804&quot;:&quot;\uf0ab&quot;,&quot;469777815&quot;:&quot;hybridMultilevel&quot;}\" data-aria-posinset=\"3\" data-aria-level=\"1\"><span data-contrast=\"auto\">Ch\u1ea5t li\u1ec7u : Nh\u1ef1a PVC + ABS cao c\u1ea5p, s\u1ee3i v\u1ea3i.<\/span><span data-ccp-props=\"{&quot;134233117&quot;:false,&quot;134233118&quot;:false,&quot;335557856&quot;:16777215,&quot;335559738&quot;:0,&quot;335559739&quot;:0}\">\u00a0<\/span><\/li>\n<\/ul>\n<ul>\n<li aria-setsize=\"-1\" data-leveltext=\"\uf0ab\" data-font=\"Wingdings\" data-listid=\"7\" data-list-defn-props=\"{&quot;335552541&quot;:1,&quot;335559685&quot;:720,&quot;335559991&quot;:360,&quot;469769226&quot;:&quot;Wingdings&quot;,&quot;469769242&quot;:[8226],&quot;469777803&quot;:&quot;left&quot;,&quot;469777804&quot;:&quot;\uf0ab&quot;,&quot;469777815&quot;:&quot;hybridMultilevel&quot;}\" data-aria-posinset=\"4\" data-aria-level=\"1\"><span data-contrast=\"auto\">K\u00edch th\u01b0\u1edbc : Chi\u1ec1u cao ~14cm, chi\u1ec1u d\u00e0i ~ 16cm.<\/span><span data-ccp-props=\"{&quot;134233117&quot;:false,&quot;134233118&quot;:false,&quot;335557856&quot;:16777215,&quot;335559738&quot;:0,&quot;335559739&quot;:0}\">\u00a0<\/span><\/li>\n<\/ul>\n","protected":false},"featured_media":186,"comment_status":"open","ping_status":"closed","template":"","meta":[],"product_brand":[],"product_cat":[15,22],"product_tag":[],"class_list":{"0":"post-180","1":"product","2":"type-product","3":"status-publish","4":"has-post-thumbnail","6":"product_cat-blind-box","7":"product_cat-tui-mu","9":"first","10":"instock","11":"shipping-taxable","12":"purchasable","13":"product-type-simple"},"jetpack_sharing_enabled":true,"_links":{"self":[{"href":"https:\/\/prettyderby.io.vn\/index.php\/wp-json\/wp\/v2\/product\/180","targetHints":{"allow":["GET"]}}],"collection":[{"href":"https:\/\/prettyderby.io.vn\/index.php\/wp-json\/wp\/v2\/product"}],"about":[{"href":"https:\/\/prettyderby.io.vn\/index.php\/wp-json\/wp\/v2\/types\/product"}],"replies":[{"embeddable":true,"href":"https:\/\/prettyderby.io.vn\/index.php\/wp-json\/wp\/v2\/comments?post=180"}],"wp:featuredmedia":[{"embeddable":true,"href":"https:\/\/prettyderby.io.vn\/index.php\/wp-json\/wp\/v2\/media\/186"}],"wp:attachment":[{"href":"https:\/\/prettyderby.io.vn\/index.php\/wp-json\/wp\/v2\/media?parent=180"}],"wp:term":[{"taxonomy":"product_brand","embeddable":true,"href":"https:\/\/prettyderby.io.vn\/index.php\/wp-json\/wp\/v2\/product_brand?post=180"},{"taxonomy":"product_cat","embeddable":true,"href":"https:\/\/prettyderby.io.vn\/index.php\/wp-json\/wp\/v2\/product_cat?post=180"},{"taxonomy":"product_tag","embeddable":true,"href":"https:\/\/prettyderby.io.vn\/index.php\/wp-json\/wp\/v2\/product_tag?post=180"}],"curies":[{"name":"wp","href":"https:\/\/api.w.org\/{rel}","templated":true}]}}