{"id":71,"date":"2026-01-14T09:21:43","date_gmt":"2026-01-14T02:21:43","guid":{"rendered":"https:\/\/prettyderby.io.vn\/?page_id=71"},"modified":"2026-01-30T09:36:47","modified_gmt":"2026-01-30T02:36:47","slug":"lien-he","status":"publish","type":"page","link":"https:\/\/prettyderby.io.vn\/index.php\/lien-he\/","title":{"rendered":"Li\u00ean h\u1ec7"},"content":{"rendered":"\n<h2 class=\"uppercase\">TR\u1ea0M D\u1eeaNG CH\u00c2N C\u1ee6A NH\u1eeeNG &#8220;CON NGHI\u1ec6N&#8221; NH\u1ef0A \u2013 LI\u00caN H\u1ec6 NGAY L\u1eacP T\u1ee8C PRETTY DERBY !<\/h2>\n<h3 class=\"thin-font\">B\u1ea1n \u0111\u00e3 gi\u00e0nh \u0111\u01b0\u1ee3c c\u00f4 &#8220;v\u1ee3&#8221; qu\u1ed1c d\u00e2n? B\u1ea1n mu\u1ed1n th\u1eed v\u1eadn \u200b\u200b\u0111\u1ed9ng v\u1edbi Blind Box hay \u0111\u01a1n gi\u1ea3n l\u00e0 mu\u1ed1n m\u1ed9t em g\u1ea5u b\u00f4ng \u0111\u1ec3 nu\u00f4i d\u01b0\u1ee1ng t\u00e2m h\u1ed3n? \u0110\u1eebng \u0111\u1ee9ng ngo\u00e0i nh\u00ecn n\u1eefa, b\u01b0\u1edbc v\u00e0o \u0111\u00e2y v\u00e0 &#8220;k\u1ebft n\u1ed1i&#8221; v\u1edbi m\u1eddi m\u00ecnh ngay!<\/h3>\n<h3 class=\"uppercase\">C\u00c1CH K\u00caNH &#8220;TI\u1ebeP T\u1ebe&#8221; SI\u00caU T\u1ed0C:<\/h3>\n<h5 data-path-to-node=\"5\"><b data-path-to-node=\"6,0,0\" data-index-in-node=\"0\"><span dir=\"auto\">\ud83d\udce9 Inbox Tr\u1ef1c Ti\u1ebfp (Messenger\/Zalo): 0363541566 (Zalo) \/ Minh Ho\u00e0ng (FB)<\/span><\/b><\/h5>\n<h5><b data-path-to-node=\"6,1,0\" data-index-in-node=\"0\"><span dir=\"auto\">\ud83d\udcdeHotline\/ZaloHotline: 085 819 0719<\/span><\/b><\/h5>\n<p>\u00a0<\/p>\n<h3>\ud83d\udee1\ufe0f \u0110\u1eb6C QUY\u1ec0N KHI &#8220;K\u1ebeT N\u1ed0I&#8221; + T\u1ee4I M\u00ccNH:<\/h3>\n<ul>\n<li>\n<p data-path-to-node=\"9,0,0\"><b data-path-to-node=\"9,0,0\" data-index-in-node=\"0\"><span dir=\"auto\">Ch\u1ee5p \u1ea3nh\/Quay video t\u1ea1i ph\u00f2ng:<\/span><\/b><span dir=\"auto\"> S\u1ee3 h\u00e0ng kh\u00f4ng gi\u1ed1ng h\u00ecnh? S\u1ea3n ph\u1ea9m s\u1eb5n s\u00e0ng quay clip &#8220;zoom c\u1eadn c\u1ea3nh&#8221; t\u1eebng chi ti\u1ebft s\u1ea3n ph\u1ea9m cho b\u1ea1n duy\u1ec7t tr\u01b0\u1edbc khi \u0111\u00f3ng g\u00f3i.<\/span><\/p>\n<\/li>\n<li>\n<p data-path-to-node=\"9,1,0\"><b data-path-to-node=\"9,1,0\" data-index-in-node=\"0\"><span dir=\"auto\">H\u1ed7 tr\u1ee3 &#8220;s\u0103n t\u00ecm&#8221; theo y\u00eau c\u1ea7u:<\/span><\/b><span dir=\"auto\"> B\u1ea1n \u0111ang khao kh\u00e1t m\u1ed9t em figure qu\u00fd hay m\u1ed9t m\u1eabu Blind Box tuy\u1ec7t \u0111\u1ed1i? Ch\u1ec9 c\u1ea7n g\u1eedi \u1ea3nh, th\u00f4i m\u00ecnh s\u1ebd huy \u0111\u1ed9ng m\u1ecdi &#8220;v\u00f2i b\u1ea1ch tuy\u1ebft&#8221; \u0111\u1ec3 s\u0103n b\u1eb1ng \u0111\u01b0\u1ee3c cho b\u1ea1n.<\/span><\/p>\n<\/li>\n<li>\n<p data-path-to-node=\"9,2,0\"><b data-path-to-node=\"9,2,0\" data-index-in-node=\"0\"><span dir=\"auto\">B\u1ea3o hi\u1ec3m v\u1eadn chuy\u1ec3n:<\/span><\/b><span dir=\"auto\"> H\u00e0ng \u0111\u1ebfn tay m\u00e0 h\u1ed9p &#8220;suy dinh d\u01b0\u1ee1ng&#8221; hay &#8220;tr\u1ea7y da tr\u00f3c&#8221; do v\u1eadn chuy\u1ec3n? \u0110\u1eebng lo, m\u00ecnh c\u00f3 ch\u00ednh s\u00e1ch \u0111\u1ed5i tr\u1ea3\/h\u1ed7 tr\u1ee3 c\u1ef1c k\u1ef3 ph\u1ea3n kh\u00e1ng.<\/span><\/p>\n<\/li>\n<\/ul>\n<h5 class=\"uppercase\">\u23f3 TH\u1edcI GIAN &#8220;L\u00caN \u0110\u00c8N&#8221;:<\/h5>\n<ul>\n<li>\n<p data-path-to-node=\"12,0,0\"><b data-path-to-node=\"12,0,0\" data-index-in-node=\"0\"><span dir=\"auto\">Online:<\/span><\/b><span dir=\"auto\"> T\u1eeb 9:00 \u0111\u1ebfn 21:00 ( Nh\u01b0ng c\u1ee9 inbox \u0111i, m\u1eddi m\u00ecnh &#8220;c\u00fa \u0111\u00eam&#8221; l\u1eafm, th\u1ea5y l\u00e0 \u0111\u1ea1i di\u1ec7n ngay!).<\/span><\/p>\n<\/li>\n<li>\n<p data-path-to-node=\"12,1,0\"><b data-path-to-node=\"12,1,0\" data-index-in-node=\"0\"><span dir=\"auto\">Ngo\u1ea1i tuy\u1ebfn (n\u1ebfu c\u00f3):<\/span><\/b><span dir=\"auto\"> Gh\u00e9 th\u0103m &#8220;hang \u1ed5&#8221; t\u1ea1i [ \u0110\u1ecba ch\u1ec9 c\u1ee7a b\u1ea1n] \u0111\u1ec3 t\u1eadn h\u01b0\u1edfng tay t\u1eadn h\u01b0\u1edfng \u0111am m\u00ea.<\/span><\/p>\n<\/li>\n<\/ul>\n<h2 style=\"text-align: left;\">\ud83d\udc49 \u0110\u1eebng \u0111\u1ec3 \u0111am m\u00ea b\u1ecb tr\u00ec ho\u00e3n b\u1edfi s\u1ef1 ph\u00e2n v\u00e2n. Li\u00ean h\u1ec7 ngay v\u1edbi Pretty Derby \u0111\u1ec3 \u0111\u01b0a ch\u00fang v\u1ec1 nh\u00e0!<\/h2>\n\n<div class=\"wpcf7 no-js\" id=\"wpcf7-f257-o1\" lang=\"vi\" dir=\"ltr\" data-wpcf7-id=\"257\">\n<div class=\"screen-reader-response\"><p role=\"status\" aria-live=\"polite\" aria-atomic=\"true\"><\/p> <ul><\/ul><\/div>\n<form action=\"\/index.php\/wp-json\/wp\/v2\/pages\/71#wpcf7-f257-o1\" method=\"post\" class=\"wpcf7-form init\" aria-label=\"Form li\u00ean h\u1ec7\" novalidate=\"novalidate\" data-status=\"init\">\n<fieldset class=\"hidden-fields-container\"><input type=\"hidden\" name=\"_wpcf7\" value=\"257\" \/><input type=\"hidden\" name=\"_wpcf7_version\" value=\"6.1.4\" \/><input type=\"hidden\" name=\"_wpcf7_locale\" value=\"vi\" \/><input type=\"hidden\" name=\"_wpcf7_unit_tag\" value=\"wpcf7-f257-o1\" \/><input type=\"hidden\" name=\"_wpcf7_container_post\" value=\"0\" \/><input type=\"hidden\" name=\"_wpcf7_posted_data_hash\" value=\"\" \/>\n<\/fieldset>\n<p><label> T\u00ean c\u1ee7a b\u1ea1n<br \/>\n<span class=\"wpcf7-form-control-wrap\" data-name=\"your-name\"><input size=\"40\" maxlength=\"400\" class=\"wpcf7-form-control wpcf7-text wpcf7-validates-as-required\" autocomplete=\"name\" aria-required=\"true\" aria-invalid=\"false\" value=\"\" type=\"text\" name=\"your-name\" \/><\/span> <\/label>\n<\/p>\n<p><label> Email c\u1ee7a b\u1ea1n<br \/>\n<span class=\"wpcf7-form-control-wrap\" data-name=\"your-email\"><input size=\"40\" maxlength=\"400\" class=\"wpcf7-form-control wpcf7-email wpcf7-validates-as-required wpcf7-text wpcf7-validates-as-email\" autocomplete=\"email\" aria-required=\"true\" aria-invalid=\"false\" value=\"\" type=\"email\" name=\"your-email\" \/><\/span> <\/label>\n<\/p>\n<p><label> Ti\u00eau \u0111\u1ec1:<br \/>\n<span class=\"wpcf7-form-control-wrap\" data-name=\"your-subject\"><input size=\"40\" maxlength=\"400\" class=\"wpcf7-form-control wpcf7-text wpcf7-validates-as-required\" aria-required=\"true\" aria-invalid=\"false\" value=\"\" type=\"text\" name=\"your-subject\" \/><\/span> <\/label>\n<\/p>\n<p><label> Tin nh\u1eafn c\u1ee7a b\u1ea1n (kh\u00f4ng b\u1eaft bu\u1ed9c)<br \/>\n<span class=\"wpcf7-form-control-wrap\" data-name=\"your-message\"><textarea cols=\"40\" rows=\"10\" maxlength=\"2000\" class=\"wpcf7-form-control wpcf7-textarea\" aria-invalid=\"false\" name=\"your-message\"><\/textarea><\/span> <\/label>\n<\/p>\n<p><input class=\"wpcf7-form-control wpcf7-submit has-spinner\" type=\"submit\" value=\"G\u1eedi\" \/>\n<\/p><div class=\"wpcf7-response-output\" aria-hidden=\"true\"><\/div>\n<\/form>\n<\/div>\n\n\n<div class=\"row\"  id=\"row-1262008065\">\n\n<div class=\"col medium-6 small-12 large-6\"  ><div class=\"col-inner\"  >\n\n<h3 style=\"text-align: center;\">PRETTY DERBY &#8211; Ph\u1ee5c v\u1ee5 b\u1eb1ng c\u00e1i t\u00e2m, b\u00e1n h\u00e0ng b\u1eb1ng c\u00e1i t\u1ea7m!<\/h3>\n<p>\u00a0<\/p>\n\n<\/div><\/div>\n<div class=\"col medium-6 small-12 large-6\"  ><div class=\"col-inner\"  >\n\n\t<div class=\"img has-hover x md-x lg-x y md-y lg-y\" id=\"image_990497456\">\n\t\t\t\t\t\t\t\t<div class=\"img-inner dark\" >\n\t\t\t<img loading=\"lazy\" decoding=\"async\" width=\"200\" height=\"300\" src=\"https:\/\/prettyderby.io.vn\/wp-content\/uploads\/2026\/01\/07ad218a0a5df57b1cf0458c7febd2e3-200x300.jpg\" class=\"attachment-medium size-medium\" alt=\"\" srcset=\"https:\/\/prettyderby.io.vn\/wp-content\/uploads\/2026\/01\/07ad218a0a5df57b1cf0458c7febd2e3-200x300.jpg 200w, https:\/\/prettyderby.io.vn\/wp-content\/uploads\/2026\/01\/07ad218a0a5df57b1cf0458c7febd2e3.jpg 568w\" sizes=\"auto, (max-width: 200px) 100vw, 200px\" \/>\t\t\t\t\t\t\n\t\t\t\t\t<\/div>\n\t\t\t\t\t\t\t\t\n<style scope=\"scope\">\n\n#image_990497456 {\n  width: 50%;\n}\n<\/style>\n\t<\/div>\n\t\n\n\n<\/div><\/div>\n\n<\/div>\n\n\n","protected":false},"excerpt":{"rendered":"<p>TR\u1ea0M D\u1eeaNG CH\u00c2N C\u1ee6A NH\u1eeeNG &#8220;CON NGHI\u1ec6N&#8221; NH\u1ef0A \u2013 LI\u00caN H\u1ec6 NGAY L\u1eacP T\u1ee8C PRETTY DERBY ! B\u1ea1n \u0111\u00e3 gi\u00e0nh \u0111\u01b0\u1ee3c c\u00f4 &#8220;v\u1ee3&#8221; qu\u1ed1c d\u00e2n? B\u1ea1n mu\u1ed1n th\u1eed v\u1eadn \u200b\u200b\u0111\u1ed9ng v\u1edbi Blind Box hay \u0111\u01a1n gi\u1ea3n l\u00e0 mu\u1ed1n m\u1ed9t em g\u1ea5u b\u00f4ng \u0111\u1ec3 nu\u00f4i d\u01b0\u1ee1ng t\u00e2m h\u1ed3n? \u0110\u1eebng \u0111\u1ee9ng ngo\u00e0i nh\u00ecn n\u1eefa, b\u01b0\u1edbc v\u00e0o \u0111\u00e2y [&#8230;]\n","protected":false},"author":1,"featured_media":0,"parent":0,"menu_order":0,"comment_status":"closed","ping_status":"closed","template":"","meta":{"footnotes":""},"class_list":["post-71","page","type-page","status-publish","hentry"],"jetpack_sharing_enabled":true,"_links":{"self":[{"href":"https:\/\/prettyderby.io.vn\/index.php\/wp-json\/wp\/v2\/pages\/71","targetHints":{"allow":["GET"]}}],"collection":[{"href":"https:\/\/prettyderby.io.vn\/index.php\/wp-json\/wp\/v2\/pages"}],"about":[{"href":"https:\/\/prettyderby.io.vn\/index.php\/wp-json\/wp\/v2\/types\/page"}],"author":[{"embeddable":true,"href":"https:\/\/prettyderby.io.vn\/index.php\/wp-json\/wp\/v2\/users\/1"}],"replies":[{"embeddable":true,"href":"https:\/\/prettyderby.io.vn\/index.php\/wp-json\/wp\/v2\/comments?post=71"}],"version-history":[{"count":4,"href":"https:\/\/prettyderby.io.vn\/index.php\/wp-json\/wp\/v2\/pages\/71\/revisions"}],"predecessor-version":[{"id":259,"href":"https:\/\/prettyderby.io.vn\/index.php\/wp-json\/wp\/v2\/pages\/71\/revisions\/259"}],"wp:attachment":[{"href":"https:\/\/prettyderby.io.vn\/index.php\/wp-json\/wp\/v2\/media?parent=71"}],"curies":[{"name":"wp","href":"https:\/\/api.w.org\/{rel}","templated":true}]}}