{"id":69,"date":"2026-01-14T09:21:21","date_gmt":"2026-01-14T02:21:21","guid":{"rendered":"https:\/\/prettyderby.io.vn\/?page_id=69"},"modified":"2026-01-30T08:24:27","modified_gmt":"2026-01-30T01:24:27","slug":"gioi-thieu","status":"publish","type":"page","link":"https:\/\/prettyderby.io.vn\/index.php\/gioi-thieu\/","title":{"rendered":"Gi\u1edbi thi\u1ec7u"},"content":{"rendered":"\n<h2 style=\"text-align: center;\">PRETTY DERBY \u2013 G\u00d3C NH\u1ece CHO NH\u1eeeNG T\u00c2M H\u1ed2N &#8220;V\u00c3&#8221; NH\u1ef0A &amp; G\u1ea4U \ud83e\uddf8\u2728<\/h2>\n\t<div class=\"img has-hover x md-x lg-x y md-y lg-y\" id=\"image_483250640\">\n\t\t\t\t\t\t\t\t<div class=\"img-inner dark\" >\n\t\t\t<img loading=\"lazy\" decoding=\"async\" width=\"2048\" height=\"1536\" src=\"https:\/\/prettyderby.io.vn\/wp-content\/uploads\/2026\/01\/619660226_914391571010423_8842094165484282848_n.jpg\" class=\"attachment-original size-original\" alt=\"\" srcset=\"https:\/\/prettyderby.io.vn\/wp-content\/uploads\/2026\/01\/619660226_914391571010423_8842094165484282848_n.jpg 2048w, https:\/\/prettyderby.io.vn\/wp-content\/uploads\/2026\/01\/619660226_914391571010423_8842094165484282848_n-300x225.jpg 300w, https:\/\/prettyderby.io.vn\/wp-content\/uploads\/2026\/01\/619660226_914391571010423_8842094165484282848_n-1024x768.jpg 1024w, https:\/\/prettyderby.io.vn\/wp-content\/uploads\/2026\/01\/619660226_914391571010423_8842094165484282848_n-768x576.jpg 768w, https:\/\/prettyderby.io.vn\/wp-content\/uploads\/2026\/01\/619660226_914391571010423_8842094165484282848_n-1536x1152.jpg 1536w, https:\/\/prettyderby.io.vn\/wp-content\/uploads\/2026\/01\/619660226_914391571010423_8842094165484282848_n-1320x990.jpg 1320w, https:\/\/prettyderby.io.vn\/wp-content\/uploads\/2026\/01\/619660226_914391571010423_8842094165484282848_n-600x450.jpg 600w\" sizes=\"auto, (max-width: 2048px) 100vw, 2048px\" \/>\t\t\t\t\t\t\n\t\t\t\t\t<\/div>\n\t\t\t\t\t\t\t\t\n<style scope=\"scope\">\n\n#image_483250640 {\n  width: 100%;\n}\n<\/style>\n\t<\/div>\n\t\n\n<p data-path-to-node=\"4\"><span dir=\"auto\">Ch\u00e0o c\u00e1c \u0111\u1ed3ng m\u00f4n, ch\u00e0o m\u1eebng c\u00e1c b\u1ea1n \u0111\u00e3 gh\u00e9 th\u0103m Pretty Derby<\/span><span dir=\"auto\">\u00a0!<\/span><\/p>\n<p data-path-to-node=\"5\"><span dir=\"auto\">N\u1ebfu b\u1ea1n \u0111ang t\u00ecm m\u1ed9t n\u01a1i \u0111\u1ec3 th\u1ef1c hi\u1ec7n h\u00f3a gi\u1ea5c m\u01a1 mang c\u1ea3 th\u1ebf gi\u1edbi Anime v\u1ec1 ph\u00f2ng, ho\u1eb7c \u0111\u01a1n gi\u1ea3n l\u00e0 mu\u1ed1n th\u1eed c\u00e1c &#8220;nh\u00e2n s\u1ea3n ph\u1ea9m&#8221; v\u1edbi nh\u1eefng chi\u1ebfc Nh\u1eabn Blind Box \u0111\u1ea7y b\u1ea5t ng\u1edd, th\u00ec b\u1ea1n \u0111\u00e3 t\u00ecm \u0111\u00fang ch\u1ed7 r\u1ed3i \u0111\u00f3. M\u00ecnh kh\u00f4ng ch\u1ec9 b\u00e1n \u0111\u1ed3 ch\u01a1i, d\u1ed3n b\u00e1n &#8220;ni\u1ec1m vui&#8221; v\u00e0 m\u00ecnh s\u1ef1 &#8220;va ch\u1ea1m&#8221; v\u1edbi nh\u1eefng th\u1ee9 si\u00eau c\u1ea5p \u0111\u00e1ng y\u00eau.<\/span><\/p>\n<div class=\"row\"  id=\"row-932974529\">\n\n<div class=\"col medium-6 small-12 large-6\"  ><div class=\"col-inner\"  >\n\n\t<div class=\"img has-hover x md-x lg-x y md-y lg-y\" id=\"image_246550216\">\n\t\t\t\t\t\t\t\t<div class=\"img-inner dark\" >\n\t\t\t<img loading=\"lazy\" decoding=\"async\" width=\"300\" height=\"300\" src=\"https:\/\/prettyderby.io.vn\/wp-content\/uploads\/2026\/01\/uma-musume-pretty-derby-action-figure-vari-personaggi-bandai-banpresto-135-300x300.webp\" class=\"attachment-medium size-medium\" alt=\"\" srcset=\"https:\/\/prettyderby.io.vn\/wp-content\/uploads\/2026\/01\/uma-musume-pretty-derby-action-figure-vari-personaggi-bandai-banpresto-135-300x300.webp 300w, https:\/\/prettyderby.io.vn\/wp-content\/uploads\/2026\/01\/uma-musume-pretty-derby-action-figure-vari-personaggi-bandai-banpresto-135-150x150.webp 150w, https:\/\/prettyderby.io.vn\/wp-content\/uploads\/2026\/01\/uma-musume-pretty-derby-action-figure-vari-personaggi-bandai-banpresto-135-768x768.webp 768w, https:\/\/prettyderby.io.vn\/wp-content\/uploads\/2026\/01\/uma-musume-pretty-derby-action-figure-vari-personaggi-bandai-banpresto-135-600x600.webp 600w, https:\/\/prettyderby.io.vn\/wp-content\/uploads\/2026\/01\/uma-musume-pretty-derby-action-figure-vari-personaggi-bandai-banpresto-135-100x100.webp 100w, https:\/\/prettyderby.io.vn\/wp-content\/uploads\/2026\/01\/uma-musume-pretty-derby-action-figure-vari-personaggi-bandai-banpresto-135.webp 900w\" sizes=\"auto, (max-width: 300px) 100vw, 300px\" \/>\t\t\t\t\t\t\n\t\t\t\t\t<\/div>\n\t\t\t\t\t\t\t\t\n<style scope=\"scope\">\n\n#image_246550216 {\n  width: 100%;\n}\n<\/style>\n\t<\/div>\n\t\n\n\n<\/div><\/div>\n<div class=\"col medium-6 small-12 large-6\"  ><div class=\"col-inner\"  >\n\n<h3>\u1ede \u0111\u00e2y ch\u00fang t\u00f4i c\u00f3 g\u00ec?<\/h3>\n<p><b data-path-to-node=\"7,0,0\" data-index-in-node=\"0\"><span dir=\"auto\">H\u00ecnh Anime (M\u00f4 h\u00ecnh):<\/span><\/b><span dir=\"auto\"> T\u1eeb nh\u1eefng d\u00f2ng gi\u00e1 r\u1ebb cho sinh vi\u00ean \u0111\u1ebfn nh\u1eefng si\u00eau ph\u1ea9m s\u1eafc n\u00e9t cho d\u00e2n s\u01b0u t\u1ea7m chuy\u00ean nghi\u1ec7p. Cam k\u1ebft h\u00e0ng tuy\u1ec3n ch\u1ecdn, b\u1ea3o qu\u1ea3n k\u1ef9 l\u01b0\u1ee1ng, l\u00ean k\u1ec7 l\u00e0 ch\u1ec9 c\u00f3 &#8220;m\u00ea&#8221;.<\/span><\/p>\n\n<\/div><\/div>\n\n<\/div>\n<div class=\"row\"  id=\"row-775783279\">\n\n<div class=\"col medium-6 small-12 large-6\"  ><div class=\"col-inner\"  >\n\n<p><b data-path-to-node=\"7,1,0\" data-index-in-node=\"0\"><span dir=\"auto\">Blind Box (H\u1ed9p qu\u00e0 b\u00ed m\u1eadt):<\/span><\/b><span dir=\"auto\"> &#8220;Th\u00e1nh \u0111\u1ecba&#8221; cho c\u00e1c s\u1ea3n ph\u1ea9m chi\u1ebfn th\u1ea7n nh\u00e2n. \u0110\u1ee7 c\u00e1c series hot hit nh\u1ea5t hi\u1ec7n nay. C\u1ea3m gi\u00e1c bong tr\u00f3c seal h\u1ed9p ch\u00ednh l\u00e0 th\u1ee9 \u0111\u1eb7c s\u1ea3n m\u00e0 m\u00ecnh t\u1ef1 h\u00e0o nh\u1ea5t.<\/span><\/p>\n\n<\/div><\/div>\n<div class=\"col medium-6 small-12 large-6\"  ><div class=\"col-inner\"  >\n\n\t<div class=\"img has-hover x md-x lg-x y md-y lg-y\" id=\"image_1351450607\">\n\t\t\t\t\t\t\t\t<div class=\"img-inner dark\" >\n\t\t\t<img loading=\"lazy\" decoding=\"async\" width=\"300\" height=\"300\" src=\"https:\/\/prettyderby.io.vn\/wp-content\/uploads\/2026\/01\/vn-11134207-7r98o-m00h62x5gzvlc7@resize_w450_nl-300x300.webp\" class=\"attachment-medium size-medium\" alt=\"\" srcset=\"https:\/\/prettyderby.io.vn\/wp-content\/uploads\/2026\/01\/vn-11134207-7r98o-m00h62x5gzvlc7@resize_w450_nl-300x300.webp 300w, https:\/\/prettyderby.io.vn\/wp-content\/uploads\/2026\/01\/vn-11134207-7r98o-m00h62x5gzvlc7@resize_w450_nl-150x150.webp 150w, https:\/\/prettyderby.io.vn\/wp-content\/uploads\/2026\/01\/vn-11134207-7r98o-m00h62x5gzvlc7@resize_w450_nl-100x100.webp 100w, https:\/\/prettyderby.io.vn\/wp-content\/uploads\/2026\/01\/vn-11134207-7r98o-m00h62x5gzvlc7@resize_w450_nl.webp 450w\" sizes=\"auto, (max-width: 300px) 100vw, 300px\" \/>\t\t\t\t\t\t\n\t\t\t\t\t<\/div>\n\t\t\t\t\t\t\t\t\n<style scope=\"scope\">\n\n#image_1351450607 {\n  width: 100%;\n}\n<\/style>\n\t<\/div>\n\t\n\n\n<\/div><\/div>\n\n<\/div>\n<div class=\"row\"  id=\"row-2082270480\">\n\n<div class=\"col medium-6 small-12 large-6\"  ><div class=\"col-inner\"  >\n\n\t<div class=\"img has-hover x md-x lg-x y md-y lg-y\" id=\"image_1454999520\">\n\t\t\t\t\t\t\t\t<div class=\"img-inner dark\" >\n\t\t\t<img loading=\"lazy\" decoding=\"async\" width=\"300\" height=\"300\" src=\"https:\/\/prettyderby.io.vn\/wp-content\/uploads\/2026\/01\/sg-11134201-821fq-mh1lvy7fh5ajbf@resize_w450_nl-300x300.webp\" class=\"attachment-medium size-medium\" alt=\"\" srcset=\"https:\/\/prettyderby.io.vn\/wp-content\/uploads\/2026\/01\/sg-11134201-821fq-mh1lvy7fh5ajbf@resize_w450_nl-300x300.webp 300w, https:\/\/prettyderby.io.vn\/wp-content\/uploads\/2026\/01\/sg-11134201-821fq-mh1lvy7fh5ajbf@resize_w450_nl-150x150.webp 150w, https:\/\/prettyderby.io.vn\/wp-content\/uploads\/2026\/01\/sg-11134201-821fq-mh1lvy7fh5ajbf@resize_w450_nl-100x100.webp 100w, https:\/\/prettyderby.io.vn\/wp-content\/uploads\/2026\/01\/sg-11134201-821fq-mh1lvy7fh5ajbf@resize_w450_nl.webp 450w\" sizes=\"auto, (max-width: 300px) 100vw, 300px\" \/>\t\t\t\t\t\t\n\t\t\t\t\t<\/div>\n\t\t\t\t\t\t\t\t\n<style scope=\"scope\">\n\n#image_1454999520 {\n  width: 100%;\n}\n<\/style>\n\t<\/div>\n\t\n\n\n<\/div><\/div>\n<div class=\"col medium-6 small-12 large-6\"  ><div class=\"col-inner\"  >\n\n<p><b data-path-to-node=\"7,2,0\" data-index-in-node=\"0\"><span dir=\"auto\">G\u1ea5u b\u00f4ng:<\/span><\/b><span dir=\"auto\"> M\u1ec1m, d\u1ec5 th\u01b0\u01a1ng, v\u00e0 c\u1ef1c k\u1ef3 &#8220;v\u00f4 tri&#8221;. Th\u00edch h\u1ee3p \u0111\u1ec3 \u00f4m ng\u1ee7, l\u00e0m qu\u00e0 t\u1eb7ng ng\u01b0\u1eddi y\u00eau (ho\u1eb7c t\u1ef1 t\u1eb7ng m\u00ecnh v\u00ec m\u00ecnh x\u1ee9ng \u0111\u00e1ng).<\/span><\/p>\n\n<\/div><\/div>\n\n<\/div>\n<div class=\"row\"  id=\"row-250081739\">\n\n<div class=\"col medium-6 small-12 large-6\"  ><div class=\"col-inner\"  >\n\n<h3>T\u1ea1i sao b\u1ea1n n\u00ean tin t\u01b0\u1edfng Pretty Derby ?<\/h3>\n<ul>\n<li>\n<p data-path-to-node=\"9,0,0\"><b data-path-to-node=\"9,0,0\" data-index-in-node=\"0\"><span dir=\"auto\">Ch\u1ea5t l\u01b0\u1ee3ng l\u00e0 danh d\u1ef1:<\/span><\/b><span dir=\"auto\"> Ph\u1ee5c m\u00ecnh n\u00f3i kh\u00f4ng v\u1edbi h\u00e0ng ch\u1ea5t l\u01b0\u1ee3ng, h\u00e0ng l\u1ed7i m\u00e0 kh\u00f4ng b\u00e1o tr\u01b0\u1edbc. H\u00ecnh sao h\u00e0ng v\u1eady, \u1ea3nh th\u1eadt t\u1ef1 ch\u1ee5p 100%.<\/span><\/p>\n<\/li>\n<li>\n<p data-path-to-node=\"9,1,0\"><b data-path-to-node=\"9,1,0\" data-index-in-node=\"0\"><span dir=\"auto\">\u0110\u00f3ng g\u00f3i &#8220;full gi\u00e1p&#8221;:<\/span><\/b><span dir=\"auto\"> Bi\u1ebft r\u00f5 n\u1ed7i \u0111au c\u1ee7a d\u00e2n s\u01b0u t\u1ea7m l\u00e0 h\u1ed9p b\u1ecb m\u00f3p, n\u00f3 lu\u00f4n \u0111\u00f3ng g\u00f3i c\u1ef1c k\u1ef3 c\u1ea9n th\u1eadn (b\u1ecdc bong b\u00f3ng, h\u1ed9p h\u1ed9p c\u1ee9ng) \u0111\u1ec3 giao h\u00e0ng \u0111\u1ebfn tay b\u1ea1n v\u1eabn \u0111\u01b0\u1ee3c gi\u1eef v\u1ebb \u0111\u1eb9p nguy\u00ean b\u1ea3n.<\/span><\/p>\n<\/li>\n<li>\n<p data-path-to-node=\"9,2,0\"><b data-path-to-node=\"9,2,0\" data-index-in-node=\"0\"><span dir=\"auto\">T\u01b0 v\u1ea5n nh\u01b0 ng\u01b0\u1eddi nh\u00e0:<\/span><\/b><span dir=\"auto\"> \u0110\u1eebng ch\u1eb7n h\u1ed9p th\u01b0 \u0111\u1ebfn n\u1ebfu b\u1ea1n ch\u01b0a bi\u1ebft b\u1eaft \u0111\u1ea7u ch\u01a1i d\u00f2ng n\u00e0o. Cung c\u1ea5p d\u1ecbch v\u1ee5 t\u01b0 v\u1ea5n s\u1eb5n c\u00f3 t\u1eeb AZ \u0111\u1ec3 b\u1ea1n ch\u1ecdn \u0111\u01b0\u1ee3c m\u00f3n \u0111\u1ed3 t\u01b0\u01a1ng t\u1ef1 nh\u1ea5t.<\/span><\/p>\n<\/li>\n<li>\n<p data-path-to-node=\"9,3,0\"><b data-path-to-node=\"9,3,0\" data-index-in-node=\"0\"><span dir=\"auto\">H\u1ed7 tr\u1ee3 s\u0103n h\u00e0ng:<\/span><\/b><span dir=\"auto\"> B\u1ea1n \u0111ang t\u00ecm m\u1ed9t em Fig \u0111\u1ed9c hay m\u1ed9t b\u1ed9 Blind Box \u0111\u00e3 h\u1ebft h\u00e0ng? C\u1ee9 nh\u1eafn tin, k\u00eau m\u00ecnh s\u1ebd c\u1ed1 g\u1eafng h\u1ebft s\u1ee9c \u0111\u1ec3 &#8220;truy t\u00ecm&#8221; gi\u00fap b\u1ea1n.<\/span><\/p>\n<\/li>\n<\/ul>\n\n<\/div><\/div>\n<div class=\"col medium-6 small-12 large-6\"  ><div class=\"col-inner\"  >\n\n\t<div class=\"img has-hover x md-x lg-x y md-y lg-y\" id=\"image_1467296835\">\n\t\t\t\t\t\t\t\t<div class=\"img-inner dark\" >\n\t\t\t<img loading=\"lazy\" decoding=\"async\" width=\"280\" height=\"300\" src=\"https:\/\/prettyderby.io.vn\/wp-content\/uploads\/2026\/01\/Meisho-Doto-Umazing-280x300.jpg\" class=\"attachment-medium size-medium\" alt=\"\" srcset=\"https:\/\/prettyderby.io.vn\/wp-content\/uploads\/2026\/01\/Meisho-Doto-Umazing-280x300.jpg 280w, https:\/\/prettyderby.io.vn\/wp-content\/uploads\/2026\/01\/Meisho-Doto-Umazing-600x643.jpg 600w, https:\/\/prettyderby.io.vn\/wp-content\/uploads\/2026\/01\/Meisho-Doto-Umazing.jpg 735w\" sizes=\"auto, (max-width: 280px) 100vw, 280px\" \/>\t\t\t\t\t\t\n\t\t\t\t\t<\/div>\n\t\t\t\t\t\t\t\t\n<style scope=\"scope\">\n\n#image_1467296835 {\n  width: 100%;\n}\n<\/style>\n\t<\/div>\n\t\n\n\n<\/div><\/div>\n\n<\/div>\n<div class=\"row\"  id=\"row-707533148\">\n\n<div class=\"col medium-6 small-12 large-6\"  ><div class=\"col-inner\"  >\n\n\t<div class=\"img has-hover x md-x lg-x y md-y lg-y\" id=\"image_1572856660\">\n\t\t\t\t\t\t\t\t<div class=\"img-inner dark\" >\n\t\t\t<img loading=\"lazy\" decoding=\"async\" width=\"300\" height=\"300\" src=\"https:\/\/prettyderby.io.vn\/wp-content\/uploads\/2026\/01\/Gemini_Generated_Image_3r4xgn3r4xgn3r4x-removebg-preview-300x300.png\" class=\"attachment-medium size-medium\" alt=\"\" srcset=\"https:\/\/prettyderby.io.vn\/wp-content\/uploads\/2026\/01\/Gemini_Generated_Image_3r4xgn3r4xgn3r4x-removebg-preview-300x300.png 300w, https:\/\/prettyderby.io.vn\/wp-content\/uploads\/2026\/01\/Gemini_Generated_Image_3r4xgn3r4xgn3r4x-removebg-preview-150x150.png 150w, https:\/\/prettyderby.io.vn\/wp-content\/uploads\/2026\/01\/Gemini_Generated_Image_3r4xgn3r4xgn3r4x-removebg-preview-100x100.png 100w, https:\/\/prettyderby.io.vn\/wp-content\/uploads\/2026\/01\/Gemini_Generated_Image_3r4xgn3r4xgn3r4x-removebg-preview.png 500w\" sizes=\"auto, (max-width: 300px) 100vw, 300px\" \/>\t\t\t\t\t\t\n\t\t\t\t\t<\/div>\n\t\t\t\t\t\t\t\t\n<style scope=\"scope\">\n\n#image_1572856660 {\n  width: 100%;\n}\n<\/style>\n\t<\/div>\n\t\n\n\n<\/div><\/div>\n<div class=\"col medium-6 small-12 large-6\"  ><div class=\"col-inner\"  >\n\n<h3>C\u00e1ch th\u1ee9c ch\u1ed1t \u0111\u01a1n<\/h3>\n<ul data-path-to-node=\"12\">\n<li>\n<p data-path-to-node=\"12,0,0\"><b data-path-to-node=\"12,0,0\" data-index-in-node=\"0\"><span dir=\"auto\">Inbox tr\u1ef1c ti\u1ebfp:<\/span><\/b><span dir=\"auto\"> \u0110\u1ec3 \u0111\u01b0\u1ee3c ki\u1ec3m tra kho v\u00e0 g\u1eedi \u1ea3nh chi ti\u1ebft.<\/span><\/p>\n<\/li>\n<li>\n<p data-path-to-node=\"12,1,0\"><b data-path-to-node=\"12,1,0\" data-index-in-node=\"0\"><span dir=\"auto\">B\u00ecnh lu\u1eadn:<\/span><\/b><span dir=\"auto\"> \u0110\u1ec3 gi\u1eef slot nh\u1eefng m\u00f3n h\u00e0ng m\u1edbi v\u1ec1 nhanh nh\u1ea5t.<\/span><\/p>\n<\/li>\n<li>\n<p data-path-to-node=\"12,2,0\"><b data-path-to-node=\"12,2,0\" data-index-in-node=\"0\"><span dir=\"auto\">Ship COD to\u00e0n qu\u1ed1c:<\/span><\/b><span dir=\"auto\"> \u0110\u00e3 nh\u1eadn h\u00e0ng, ki\u1ec3m tra r\u1ed3i thanh to\u00e1n m\u1edbi.<\/span><\/p>\n<\/li>\n<\/ul>\n<p data-path-to-node=\"13\"><span dir=\"auto\">\u0110\u1eebng \u0111\u1ec3 m\u00f3n \u0111\u1ed3 m\u00ecnh th\u00edch r\u01a1i v\u00e0o tay ng\u01b0\u1eddi kh\u00e1c. H\u00e3y \u0111\u1ec3 Pretty Derby<\/span><span dir=\"auto\">\u00a0gi\u00fap b\u1ea1n l\u1ea5p \u0111\u1ea7y chi\u1ebfc h\u00f2m tr\u01b0ng b\u00e0y c\u1ee7a m\u00ecnh ngay h\u00f4m nay!<\/span><\/p>\n\n<\/div><\/div>\n\n<\/div>\n<h2 style=\"text-align: center;\" data-path-to-node=\"16\"><b data-path-to-node=\"16\" data-index-in-node=\"0\"><span dir=\"auto\">PRETTY DERBY &#8211; Ch\u00e1y t\u00fai v\u00ec \u0111am m\u00ea, nh\u01b0ng n\u1ee5 c\u01b0\u1eddi lu\u00f4n n\u1edf tr\u00ean m\u00f4i!<\/span><\/b><span dir=\"auto\">\u00a0<\/span><\/h2>\n<p data-path-to-node=\"16\">\u00a0<\/p>\n<div class=\"row\"  id=\"row-1484372831\">\n\n\n<\/div>\n\n\n","protected":false},"excerpt":{"rendered":"<p>PRETTY DERBY \u2013 G\u00d3C NH\u1ece CHO NH\u1eeeNG T\u00c2M H\u1ed2N &#8220;V\u00c3&#8221; NH\u1ef0A &amp; G\u1ea4U \ud83e\uddf8\u2728 Ch\u00e0o c\u00e1c \u0111\u1ed3ng m\u00f4n, ch\u00e0o m\u1eebng c\u00e1c b\u1ea1n \u0111\u00e3 gh\u00e9 th\u0103m Pretty Derby\u00a0! N\u1ebfu b\u1ea1n \u0111ang t\u00ecm m\u1ed9t n\u01a1i \u0111\u1ec3 th\u1ef1c hi\u1ec7n h\u00f3a gi\u1ea5c m\u01a1 mang c\u1ea3 th\u1ebf gi\u1edbi Anime v\u1ec1 ph\u00f2ng, ho\u1eb7c \u0111\u01a1n gi\u1ea3n l\u00e0 mu\u1ed1n th\u1eed c\u00e1c &#8220;nh\u00e2n s\u1ea3n [&#8230;]\n","protected":false},"author":1,"featured_media":0,"parent":0,"menu_order":0,"comment_status":"closed","ping_status":"closed","template":"","meta":{"footnotes":""},"class_list":["post-69","page","type-page","status-publish","hentry"],"jetpack_sharing_enabled":true,"_links":{"self":[{"href":"https:\/\/prettyderby.io.vn\/index.php\/wp-json\/wp\/v2\/pages\/69","targetHints":{"allow":["GET"]}}],"collection":[{"href":"https:\/\/prettyderby.io.vn\/index.php\/wp-json\/wp\/v2\/pages"}],"about":[{"href":"https:\/\/prettyderby.io.vn\/index.php\/wp-json\/wp\/v2\/types\/page"}],"author":[{"embeddable":true,"href":"https:\/\/prettyderby.io.vn\/index.php\/wp-json\/wp\/v2\/users\/1"}],"replies":[{"embeddable":true,"href":"https:\/\/prettyderby.io.vn\/index.php\/wp-json\/wp\/v2\/comments?post=69"}],"version-history":[{"count":5,"href":"https:\/\/prettyderby.io.vn\/index.php\/wp-json\/wp\/v2\/pages\/69\/revisions"}],"predecessor-version":[{"id":246,"href":"https:\/\/prettyderby.io.vn\/index.php\/wp-json\/wp\/v2\/pages\/69\/revisions\/246"}],"wp:attachment":[{"href":"https:\/\/prettyderby.io.vn\/index.php\/wp-json\/wp\/v2\/media?parent=69"}],"curies":[{"name":"wp","href":"https:\/\/api.w.org\/{rel}","templated":true}]}}